{"id":327,"date":"2022-09-13T08:04:28","date_gmt":"2022-09-13T08:04:28","guid":{"rendered":"https:\/\/function3d.xyz\/?post_type=product&#038;p=327"},"modified":"2025-08-15T05:32:26","modified_gmt":"2025-08-15T05:32:26","slug":"petalot-fully-assembled","status":"publish","type":"product","link":"https:\/\/shop.function3d.xyz\/es\/product\/petalot\/","title":{"rendered":"PETALOT y Cutter"},"content":{"rendered":"<p><\/p>\n<h3><img loading=\"lazy\" decoding=\"async\" class=\"wp-image-1072 alignleft\" src=\"https:\/\/function3d.xyz\/wp-content\/uploads\/2022\/09\/Screenshot_2025-06-07-09-59-37-53_40deb401b9ffe8e1df2f1cc5ba480b12-479x1024.jpg\" alt=\"\" width=\"289\" height=\"618\" srcset=\"https:\/\/shop.function3d.xyz\/wp-content\/uploads\/2022\/09\/Screenshot_2025-06-07-09-59-37-53_40deb401b9ffe8e1df2f1cc5ba480b12-479x1024.jpg 479w, https:\/\/shop.function3d.xyz\/wp-content\/uploads\/2022\/09\/Screenshot_2025-06-07-09-59-37-53_40deb401b9ffe8e1df2f1cc5ba480b12-140x300.jpg 140w, https:\/\/shop.function3d.xyz\/wp-content\/uploads\/2022\/09\/Screenshot_2025-06-07-09-59-37-53_40deb401b9ffe8e1df2f1cc5ba480b12-768x1641.jpg 768w, https:\/\/shop.function3d.xyz\/wp-content\/uploads\/2022\/09\/Screenshot_2025-06-07-09-59-37-53_40deb401b9ffe8e1df2f1cc5ba480b12-719x1536.jpg 719w, https:\/\/shop.function3d.xyz\/wp-content\/uploads\/2022\/09\/Screenshot_2025-06-07-09-59-37-53_40deb401b9ffe8e1df2f1cc5ba480b12-959x2048.jpg 959w, https:\/\/shop.function3d.xyz\/wp-content\/uploads\/2022\/09\/Screenshot_2025-06-07-09-59-37-53_40deb401b9ffe8e1df2f1cc5ba480b12.jpg 1080w\" sizes=\"auto, (max-width: 289px) 100vw, 289px\" \/><\/h3>\n<h3>Interfaz Web WIFI<\/h3>\n<p>Para acceder a la Interfaz Web WIFI desde un dispositivo m\u00f3vil con\u00e9ctese a la red WIFI PETALOT-XXXXXX y navegue hasta la direcci\u00f3n 192.168.4.1<\/p>\n<h3>Sensor de filamento<\/h3>\n<p>El sensor de filamento es crucial para el funcionamiento de la m\u00e1quina PETALOT. Detiene la m\u00e1quina cuando termina la tira de pl\u00e1stico, evitando da\u00f1os en el engranaje. Tambi\u00e9n act\u00faa como interruptor: despu\u00e9s de convertir y retirar un filamento, pulse el sensor para reiniciar el calentamiento y la rotaci\u00f3n del motor para la siguiente tira. Si no se detecta filamento en 5 minutos, la m\u00e1quina se detiene autom\u00e1ticamente. Tambi\u00e9n puede detenerla manualmente retirando la tapa y el filamento, o pulsando el sensor durante 5 segundos y solt\u00e1ndolo para simular el final del filamento.<\/p>\n<h3>C\u00f3mo utilizarla<\/h3>\n<p><a href=\"https:\/\/docs.google.com\/document\/d\/1Pd6fHrCfWjw5y-puxVkw1VFblkbrnRKj-LouZT62nvQ\/edit?usp=sharing\" target=\"_blank\" rel=\"noopener\">Manual de instrucciones<\/a><\/p>\n<p><strong>Dimensiones:<\/strong> 60cm x 18cm x 13 cm.<br \/>\n<strong>Peso del paquete:<\/strong> 2,4Kg.<br \/>\n<strong>Tensi\u00f3n de alimentaci\u00f3n:<\/strong> AC 100V-240V, 50\/60Hz.<br \/>\n<strong>Corriente m\u00e1x.:<\/strong> 5A.<br \/>\n<strong>Potencia m\u00e1x.:<\/strong> 60W.<br \/>\n<strong>Velocidad:<\/strong> 5-30 cm de filamento por minuto, por defecto: 25 cm\/min<br \/>\n<strong>Temperatura:<\/strong> 160-255 \u00baC, por defecto: 185\u00baC.<\/p>\n<blockquote class=\"tiktok-embed\" cite=\"https:\/\/www.tiktok.com\/@function.3d\/video\/7465315703470656770\" data-video-id=\"7465315703470656770\" data-embed-from=\"oembed\" style=\"max-width:605px; min-width:325px;\">\n<section> <a target=\"_blank\" title=\"@function.3d\" href=\"https:\/\/www.tiktok.com\/@function.3d?refer=embed\" rel=\"noopener\">@function.3d<\/a> <\/p>\n<p>PET filament from A to Z 3D printer: @Elegoo 3D Official Neptune 4 Pro <a title=\"3dprinting\" target=\"_blank\" href=\"https:\/\/www.tiktok.com\/tag\/3dprinting?refer=embed\" rel=\"noopener\">#3dprinting<\/a> <a title=\"3dprint\" target=\"_blank\" href=\"https:\/\/www.tiktok.com\/tag\/3dprint?refer=embed\" rel=\"noopener\">#3dprint<\/a> <a title=\"recycleplastic\" target=\"_blank\" href=\"https:\/\/www.tiktok.com\/tag\/recycleplastic?refer=embed\" rel=\"noopener\">#recycleplastic<\/a> <a title=\"neptune4pro\" target=\"_blank\" href=\"https:\/\/www.tiktok.com\/tag\/neptune4pro?refer=embed\" rel=\"noopener\">#neptune4pro<\/a> <\/p>\n<p> <a target=\"_blank\" title=\"\u266c GNOSSIENNE NO 1 - Intermede Music\" href=\"https:\/\/www.tiktok.com\/music\/GNOSSIENNE-NO-1-7019138072442537986?refer=embed\" rel=\"noopener\">\u266c GNOSSIENNE NO 1 &#8211; Intermede Music<\/a> <\/section>\n<\/blockquote>\n<p> <script async src=\"https:\/\/www.tiktok.com\/embed.js\"><\/script><\/p>\n<blockquote class=\"tiktok-embed\" cite=\"https:\/\/www.tiktok.com\/@function.3d\/video\/7368181286743051553\" data-video-id=\"7368181286743051553\" data-embed-from=\"oembed\" style=\"max-width:605px; min-width:325px;\">\n<section> <a target=\"_blank\" title=\"@function.3d\" href=\"https:\/\/www.tiktok.com\/@function.3d?refer=embed\" rel=\"noopener\">@function.3d<\/a> <\/p>\n<p>Happy Mother&#8217;s Day! Filament: DIY PET Filament  https:\/\/www.printables.com\/model\/768657-petalot-pet-filament-machine 3D printer: @Flashforge Adventurer 5M STLs: https:\/\/www.printables.com\/model\/287975-cactus-vase https:\/\/www.printables.com\/model\/131488-spiral-vase-rose https:\/\/www.printables.com\/model\/133069-spikey-rose-stemshaft <a title=\"3dprinting\" target=\"_blank\" href=\"https:\/\/www.tiktok.com\/tag\/3dprinting?refer=embed\" rel=\"noopener\">#3dprinting<\/a> <a title=\"3dprint\" target=\"_blank\" href=\"https:\/\/www.tiktok.com\/tag\/3dprint?refer=embed\" rel=\"noopener\">#3dprint<\/a> <a title=\"mothersday\" target=\"_blank\" href=\"https:\/\/www.tiktok.com\/tag\/mothersday?refer=embed\" rel=\"noopener\">#mothersday<\/a>  <a title=\"flashforgeadventurer5m\" target=\"_blank\" href=\"https:\/\/www.tiktok.com\/tag\/flashforgeadventurer5m?refer=embed\" rel=\"noopener\">#flashforgeadventurer5m<\/a> <\/p>\n<p> <a target=\"_blank\" title=\"\u266c original sound - Wendlo\" href=\"https:\/\/www.tiktok.com\/music\/original-sound-7364101160136985386?refer=embed\" rel=\"noopener\">\u266c original sound &#8211; Wendlo<\/a> <\/section>\n<\/blockquote>\n<p> <script async src=\"https:\/\/www.tiktok.com\/embed.js\"><\/script><\/p>\n<blockquote class=\"tiktok-embed\" cite=\"https:\/\/www.tiktok.com\/@function.3d\/video\/7503522530611760406\" data-video-id=\"7503522530611760406\" data-embed-from=\"oembed\" style=\"max-width:605px; min-width:325px;\">\n<section> <a target=\"_blank\" title=\"@function.3d\" href=\"https:\/\/www.tiktok.com\/@function.3d?refer=embed\" rel=\"noopener\">@function.3d<\/a> <\/p>\n<p>Airbrushing 3D printed parts 3D printer: @BAMBULAB Official A1 Combo Filament: Homemade filament made from PET plastic bottles. I was surprised how good it looks without sanding or priming, I just used the fuzzy skin to give the vase a textured finish. STLs: Makerworld: 519260, Makerworld: 999536 <a title=\"3dprinting\" target=\"_blank\" href=\"https:\/\/www.tiktok.com\/tag\/3dprinting?refer=embed\" rel=\"noopener\">#3dprinting<\/a> <a title=\"3dprint\" target=\"_blank\" href=\"https:\/\/www.tiktok.com\/tag\/3dprint?refer=embed\" rel=\"noopener\">#3dprint<\/a> <a title=\"mothersday\" target=\"_blank\" href=\"https:\/\/www.tiktok.com\/tag\/mothersday?refer=embed\" rel=\"noopener\">#mothersday<\/a> <a title=\"bambulab\" target=\"_blank\" href=\"https:\/\/www.tiktok.com\/tag\/bambulab?refer=embed\" rel=\"noopener\">#bambulab<\/a> <a title=\"bambulaba1\" target=\"_blank\" href=\"https:\/\/www.tiktok.com\/tag\/bambulaba1?refer=embed\" rel=\"noopener\">#bambulaba1<\/a> <a title=\"recycleplastic\" target=\"_blank\" href=\"https:\/\/www.tiktok.com\/tag\/recycleplastic?refer=embed\" rel=\"noopener\">#recycleplastic<\/a> <\/p>\n<p> <a target=\"_blank\" title=\"\u266c original sound - function.3d\" href=\"https:\/\/www.tiktok.com\/music\/original-sound-7503522570109913878?refer=embed\" rel=\"noopener\">\u266c original sound &#8211; function.3d<\/a> <\/section>\n<\/blockquote>\n<p> <script async src=\"https:\/\/www.tiktok.com\/embed.js\"><\/script><\/p>\n<p>&nbsp;<\/p>\n<p>&nbsp;<\/p>","protected":false},"excerpt":{"rendered":"<p><strong>Incluye una m\u00e1quina y un cortador de botellas<\/strong> 100% impreso en filamento de botella PET, totalmente montado y en funcionamiento (cable de alimentaci\u00f3n no incluido).<\/p>\n<p>Disponible en tres colores, azul claro, azul y azul oscuro, el color no es elegible pero puedes dejar tu preferencia en las observaciones del pedido e intentar\u00e9 satisfacerla.<\/p>\n<p>Informaci\u00f3n adicional: <a href=\"https:\/\/function3d.xyz\/faqs\/\">FAQs<\/a>, <a href=\"https:\/\/docs.google.com\/document\/d\/1Pd6fHrCfWjw5y-puxVkw1VFblkbrnRKj-LouZT62nvQ\/edit?usp=sharing\">Manual<\/a>, <a href=\"https:\/\/www.printables.com\/model\/768657-petalot-pet-filament-machine\" target=\"_blank\" rel=\"noopener\">DIY<\/a><\/p>\n","protected":false},"featured_media":1069,"template":"","meta":{"_monsterinsights_skip_tracking":false,"_monsterinsights_sitenote_active":false,"_monsterinsights_sitenote_note":"","_monsterinsights_sitenote_category":0,"_kad_post_transparent":"default","_kad_post_title":"","_kad_post_layout":"default","_kad_post_sidebar_id":"","_kad_post_content_style":"default","_kad_post_vertical_padding":"default","_kad_post_feature":"","_kad_post_feature_position":"","_kad_post_header":false,"_kad_post_footer":false,"_kad_post_classname":"","_links_to":"","_links_to_target":""},"product_brand":[],"product_cat":[45],"product_tag":[],"class_list":{"0":"post-327","1":"product","2":"type-product","3":"status-publish","4":"has-post-thumbnail","6":"product_cat-function3d","7":"product_shipping_class-petalot","9":"first","10":"instock","11":"featured","12":"shipping-taxable","13":"purchasable","14":"product-type-simple","15":"entry","16":"content-bg","17":"loop-entry"},"jetpack_sharing_enabled":true,"_links":{"self":[{"href":"https:\/\/shop.function3d.xyz\/es\/wp-json\/wp\/v2\/product\/327","targetHints":{"allow":["GET"]}}],"collection":[{"href":"https:\/\/shop.function3d.xyz\/es\/wp-json\/wp\/v2\/product"}],"about":[{"href":"https:\/\/shop.function3d.xyz\/es\/wp-json\/wp\/v2\/types\/product"}],"wp:featuredmedia":[{"embeddable":true,"href":"https:\/\/shop.function3d.xyz\/es\/wp-json\/wp\/v2\/media\/1069"}],"wp:attachment":[{"href":"https:\/\/shop.function3d.xyz\/es\/wp-json\/wp\/v2\/media?parent=327"}],"wp:term":[{"taxonomy":"product_brand","embeddable":true,"href":"https:\/\/shop.function3d.xyz\/es\/wp-json\/wp\/v2\/product_brand?post=327"},{"taxonomy":"product_cat","embeddable":true,"href":"https:\/\/shop.function3d.xyz\/es\/wp-json\/wp\/v2\/product_cat?post=327"},{"taxonomy":"product_tag","embeddable":true,"href":"https:\/\/shop.function3d.xyz\/es\/wp-json\/wp\/v2\/product_tag?post=327"}],"curies":[{"name":"wp","href":"https:\/\/api.w.org\/{rel}","templated":true}]}}